{"id":2282,"date":"2025-02-22T19:22:13","date_gmt":"2025-02-22T18:22:13","guid":{"rendered":"https:\/\/habital.it\/?post_type=product&#038;p=2282"},"modified":"2025-02-25T14:34:48","modified_gmt":"2025-02-25T13:34:48","slug":"bundle-x4-tubi-silicone-pistola-beast-in-acciaio","status":"publish","type":"product","link":"https:\/\/habital.it\/?product=bundle-x4-tubi-silicone-pistola-beast-in-acciaio","title":{"rendered":"Bundle X4 Tubi Silicone + X1 Pistola Beast in acciaio"},"content":{"rendered":"<p data-start=\"94\" data-end=\"143\"><strong data-start=\"94\" data-end=\"143\">Bundle Silicone Sensil &amp; Saratoga + Pistola professionale in acciaio Beast<\/strong><\/p>\n<p data-start=\"145\" data-end=\"290\">Questo set completo \u00e8 pensato per offrire gli strumenti essenziali a professionisti e manutentori, garantendo qualit\u00e0 e praticit\u00e0 in ogni lavoro.<\/p>\n<p data-start=\"292\" data-end=\"314\"><strong data-start=\"292\" data-end=\"314\">Il bundle include:<\/strong><\/p>\n<ul data-start=\"316\" data-end=\"1123\">\n<li data-start=\"923\" data-end=\"1123\"><strong>X2 Silicone Sensil bianco SACR-545 500G<\/strong><\/li>\n<li data-start=\"923\" data-end=\"1123\"><strong>X2 Silicone Saratoga trasparente 500g<\/strong><\/li>\n<li data-start=\"923\" data-end=\"1123\"><strong>X1 Pistola per silicone professionale Beast in acciaio<\/strong><\/li>\n<\/ul>\n","protected":false},"excerpt":{"rendered":"<ul>\n<li>Costo di spedizione nazionale: 7,00 \u20ac<\/li>\n<\/ul>\n","protected":false},"featured_media":2283,"comment_status":"open","ping_status":"closed","template":"","meta":{"_bst_post_transparent":"default","_bst_post_title":"","_bst_post_layout":"default","_bst_post_sidebar_id":"","_bst_post_content_style":"default","_bst_post_vertical_padding":"default","_bst_post_feature":"","_bst_post_feature_position":"","_bst_post_header":false,"_bst_post_footer":false,"iawp_total_views":6},"product_brand":[],"product_cat":[113],"product_tag":[],"product_brands":[],"class_list":{"0":"post-2282","1":"product","2":"type-product","3":"status-publish","4":"has-post-thumbnail","6":"product_cat-habital-bundle","7":"product_shipping_class-pacco-standard","9":"first","10":"instock","11":"shipping-taxable","12":"purchasable","13":"product-type-simple","14":"entry","15":"content-bg","16":"loop-entry"},"yoast_head":"<!-- This site is optimized with the Yoast SEO plugin v27.4 - https:\/\/yoast.com\/product\/yoast-seo-wordpress\/ -->\n<title>Bundle X4 Tubi Silicone + X1 Pistola Beast in acciaio - Habital<\/title>\n<meta name=\"robots\" content=\"index, follow, max-snippet:-1, max-image-preview:large, max-video-preview:-1\" \/>\n<link rel=\"canonical\" href=\"https:\/\/habital.it\/?product=bundle-x4-tubi-silicone-pistola-beast-in-acciaio\" \/>\n<meta property=\"og:locale\" content=\"it_IT\" \/>\n<meta property=\"og:type\" content=\"article\" \/>\n<meta property=\"og:title\" content=\"Bundle X4 Tubi Silicone + X1 Pistola Beast in acciaio - Habital\" \/>\n<meta property=\"og:description\" content=\"Costo di spedizione nazionale: 7,00 \u20ac\" \/>\n<meta property=\"og:url\" content=\"https:\/\/habital.it\/?product=bundle-x4-tubi-silicone-pistola-beast-in-acciaio\" \/>\n<meta property=\"og:site_name\" content=\"Habital\" \/>\n<meta property=\"article:modified_time\" content=\"2025-02-25T13:34:48+00:00\" \/>\n<meta property=\"og:image\" content=\"https:\/\/habital.it\/wp-content\/uploads\/2025\/02\/img_2773-scaled.jpeg\" \/>\n\t<meta property=\"og:image:width\" content=\"2560\" \/>\n\t<meta property=\"og:image:height\" content=\"2560\" \/>\n\t<meta property=\"og:image:type\" content=\"image\/jpeg\" \/>\n<meta name=\"twitter:card\" content=\"summary_large_image\" \/>\n<meta name=\"twitter:label1\" content=\"Tempo di lettura stimato\" \/>\n\t<meta name=\"twitter:data1\" content=\"1 minuto\" \/>\n<script type=\"application\/ld+json\" class=\"yoast-schema-graph\">{\"@context\":\"https:\\\/\\\/schema.org\",\"@graph\":[{\"@type\":\"WebPage\",\"@id\":\"https:\\\/\\\/habital.it\\\/?product=bundle-x4-tubi-silicone-pistola-beast-in-acciaio\",\"url\":\"https:\\\/\\\/habital.it\\\/?product=bundle-x4-tubi-silicone-pistola-beast-in-acciaio\",\"name\":\"Bundle X4 Tubi Silicone + X1 Pistola Beast in acciaio - Habital\",\"isPartOf\":{\"@id\":\"https:\\\/\\\/habital.it\\\/#website\"},\"primaryImageOfPage\":{\"@id\":\"https:\\\/\\\/habital.it\\\/?product=bundle-x4-tubi-silicone-pistola-beast-in-acciaio#primaryimage\"},\"image\":{\"@id\":\"https:\\\/\\\/habital.it\\\/?product=bundle-x4-tubi-silicone-pistola-beast-in-acciaio#primaryimage\"},\"thumbnailUrl\":\"https:\\\/\\\/i0.wp.com\\\/habital.it\\\/wp-content\\\/uploads\\\/2025\\\/02\\\/img_2773-scaled.jpeg?fit=2560%2C2560&ssl=1\",\"datePublished\":\"2025-02-22T18:22:13+00:00\",\"dateModified\":\"2025-02-25T13:34:48+00:00\",\"breadcrumb\":{\"@id\":\"https:\\\/\\\/habital.it\\\/?product=bundle-x4-tubi-silicone-pistola-beast-in-acciaio#breadcrumb\"},\"inLanguage\":\"it-IT\",\"potentialAction\":[{\"@type\":\"ReadAction\",\"target\":[\"https:\\\/\\\/habital.it\\\/?product=bundle-x4-tubi-silicone-pistola-beast-in-acciaio\"]}]},{\"@type\":\"ImageObject\",\"inLanguage\":\"it-IT\",\"@id\":\"https:\\\/\\\/habital.it\\\/?product=bundle-x4-tubi-silicone-pistola-beast-in-acciaio#primaryimage\",\"url\":\"https:\\\/\\\/i0.wp.com\\\/habital.it\\\/wp-content\\\/uploads\\\/2025\\\/02\\\/img_2773-scaled.jpeg?fit=2560%2C2560&ssl=1\",\"contentUrl\":\"https:\\\/\\\/i0.wp.com\\\/habital.it\\\/wp-content\\\/uploads\\\/2025\\\/02\\\/img_2773-scaled.jpeg?fit=2560%2C2560&ssl=1\",\"width\":2560,\"height\":2560},{\"@type\":\"BreadcrumbList\",\"@id\":\"https:\\\/\\\/habital.it\\\/?product=bundle-x4-tubi-silicone-pistola-beast-in-acciaio#breadcrumb\",\"itemListElement\":[{\"@type\":\"ListItem\",\"position\":1,\"name\":\"Home\",\"item\":\"https:\\\/\\\/habital.it\\\/\"},{\"@type\":\"ListItem\",\"position\":2,\"name\":\"Prodotti\",\"item\":\"https:\\\/\\\/habital.it\\\/?page_id=731\"},{\"@type\":\"ListItem\",\"position\":3,\"name\":\"Bundle X4 Tubi Silicone + X1 Pistola Beast in acciaio\"}]},{\"@type\":\"WebSite\",\"@id\":\"https:\\\/\\\/habital.it\\\/#website\",\"url\":\"https:\\\/\\\/habital.it\\\/\",\"name\":\"Habital\",\"description\":\"\",\"publisher\":{\"@id\":\"https:\\\/\\\/habital.it\\\/#organization\"},\"potentialAction\":[{\"@type\":\"SearchAction\",\"target\":{\"@type\":\"EntryPoint\",\"urlTemplate\":\"https:\\\/\\\/habital.it\\\/?s={search_term_string}\"},\"query-input\":{\"@type\":\"PropertyValueSpecification\",\"valueRequired\":true,\"valueName\":\"search_term_string\"}}],\"inLanguage\":\"it-IT\"},{\"@type\":\"Organization\",\"@id\":\"https:\\\/\\\/habital.it\\\/#organization\",\"name\":\"Habital\",\"url\":\"https:\\\/\\\/habital.it\\\/\",\"logo\":{\"@type\":\"ImageObject\",\"inLanguage\":\"it-IT\",\"@id\":\"https:\\\/\\\/habital.it\\\/#\\\/schema\\\/logo\\\/image\\\/\",\"url\":\"https:\\\/\\\/i0.wp.com\\\/habital.it\\\/wp-content\\\/uploads\\\/2025\\\/02\\\/cropped-cropped-L1PNG-1.png?fit=785%2C631&ssl=1\",\"contentUrl\":\"https:\\\/\\\/i0.wp.com\\\/habital.it\\\/wp-content\\\/uploads\\\/2025\\\/02\\\/cropped-cropped-L1PNG-1.png?fit=785%2C631&ssl=1\",\"width\":785,\"height\":631,\"caption\":\"Habital\"},\"image\":{\"@id\":\"https:\\\/\\\/habital.it\\\/#\\\/schema\\\/logo\\\/image\\\/\"}}]}<\/script>\n<!-- \/ Yoast SEO plugin. -->","yoast_head_json":{"title":"Bundle X4 Tubi Silicone + X1 Pistola Beast in acciaio - Habital","robots":{"index":"index","follow":"follow","max-snippet":"max-snippet:-1","max-image-preview":"max-image-preview:large","max-video-preview":"max-video-preview:-1"},"canonical":"https:\/\/habital.it\/?product=bundle-x4-tubi-silicone-pistola-beast-in-acciaio","og_locale":"it_IT","og_type":"article","og_title":"Bundle X4 Tubi Silicone + X1 Pistola Beast in acciaio - Habital","og_description":"Costo di spedizione nazionale: 7,00 \u20ac","og_url":"https:\/\/habital.it\/?product=bundle-x4-tubi-silicone-pistola-beast-in-acciaio","og_site_name":"Habital","article_modified_time":"2025-02-25T13:34:48+00:00","og_image":[{"width":2560,"height":2560,"url":"https:\/\/habital.it\/wp-content\/uploads\/2025\/02\/img_2773-scaled.jpeg","type":"image\/jpeg"}],"twitter_card":"summary_large_image","twitter_misc":{"Tempo di lettura stimato":"1 minuto"},"schema":{"@context":"https:\/\/schema.org","@graph":[{"@type":"WebPage","@id":"https:\/\/habital.it\/?product=bundle-x4-tubi-silicone-pistola-beast-in-acciaio","url":"https:\/\/habital.it\/?product=bundle-x4-tubi-silicone-pistola-beast-in-acciaio","name":"Bundle X4 Tubi Silicone + X1 Pistola Beast in acciaio - Habital","isPartOf":{"@id":"https:\/\/habital.it\/#website"},"primaryImageOfPage":{"@id":"https:\/\/habital.it\/?product=bundle-x4-tubi-silicone-pistola-beast-in-acciaio#primaryimage"},"image":{"@id":"https:\/\/habital.it\/?product=bundle-x4-tubi-silicone-pistola-beast-in-acciaio#primaryimage"},"thumbnailUrl":"https:\/\/i0.wp.com\/habital.it\/wp-content\/uploads\/2025\/02\/img_2773-scaled.jpeg?fit=2560%2C2560&ssl=1","datePublished":"2025-02-22T18:22:13+00:00","dateModified":"2025-02-25T13:34:48+00:00","breadcrumb":{"@id":"https:\/\/habital.it\/?product=bundle-x4-tubi-silicone-pistola-beast-in-acciaio#breadcrumb"},"inLanguage":"it-IT","potentialAction":[{"@type":"ReadAction","target":["https:\/\/habital.it\/?product=bundle-x4-tubi-silicone-pistola-beast-in-acciaio"]}]},{"@type":"ImageObject","inLanguage":"it-IT","@id":"https:\/\/habital.it\/?product=bundle-x4-tubi-silicone-pistola-beast-in-acciaio#primaryimage","url":"https:\/\/i0.wp.com\/habital.it\/wp-content\/uploads\/2025\/02\/img_2773-scaled.jpeg?fit=2560%2C2560&ssl=1","contentUrl":"https:\/\/i0.wp.com\/habital.it\/wp-content\/uploads\/2025\/02\/img_2773-scaled.jpeg?fit=2560%2C2560&ssl=1","width":2560,"height":2560},{"@type":"BreadcrumbList","@id":"https:\/\/habital.it\/?product=bundle-x4-tubi-silicone-pistola-beast-in-acciaio#breadcrumb","itemListElement":[{"@type":"ListItem","position":1,"name":"Home","item":"https:\/\/habital.it\/"},{"@type":"ListItem","position":2,"name":"Prodotti","item":"https:\/\/habital.it\/?page_id=731"},{"@type":"ListItem","position":3,"name":"Bundle X4 Tubi Silicone + X1 Pistola Beast in acciaio"}]},{"@type":"WebSite","@id":"https:\/\/habital.it\/#website","url":"https:\/\/habital.it\/","name":"Habital","description":"","publisher":{"@id":"https:\/\/habital.it\/#organization"},"potentialAction":[{"@type":"SearchAction","target":{"@type":"EntryPoint","urlTemplate":"https:\/\/habital.it\/?s={search_term_string}"},"query-input":{"@type":"PropertyValueSpecification","valueRequired":true,"valueName":"search_term_string"}}],"inLanguage":"it-IT"},{"@type":"Organization","@id":"https:\/\/habital.it\/#organization","name":"Habital","url":"https:\/\/habital.it\/","logo":{"@type":"ImageObject","inLanguage":"it-IT","@id":"https:\/\/habital.it\/#\/schema\/logo\/image\/","url":"https:\/\/i0.wp.com\/habital.it\/wp-content\/uploads\/2025\/02\/cropped-cropped-L1PNG-1.png?fit=785%2C631&ssl=1","contentUrl":"https:\/\/i0.wp.com\/habital.it\/wp-content\/uploads\/2025\/02\/cropped-cropped-L1PNG-1.png?fit=785%2C631&ssl=1","width":785,"height":631,"caption":"Habital"},"image":{"@id":"https:\/\/habital.it\/#\/schema\/logo\/image\/"}}]}},"jetpack_sharing_enabled":true,"_links":{"self":[{"href":"https:\/\/habital.it\/index.php?rest_route=\/wp\/v2\/product\/2282","targetHints":{"allow":["GET"]}}],"collection":[{"href":"https:\/\/habital.it\/index.php?rest_route=\/wp\/v2\/product"}],"about":[{"href":"https:\/\/habital.it\/index.php?rest_route=\/wp\/v2\/types\/product"}],"replies":[{"embeddable":true,"href":"https:\/\/habital.it\/index.php?rest_route=%2Fwp%2Fv2%2Fcomments&post=2282"}],"wp:featuredmedia":[{"embeddable":true,"href":"https:\/\/habital.it\/index.php?rest_route=\/wp\/v2\/media\/2283"}],"wp:attachment":[{"href":"https:\/\/habital.it\/index.php?rest_route=%2Fwp%2Fv2%2Fmedia&parent=2282"}],"wp:term":[{"taxonomy":"product_brand","embeddable":true,"href":"https:\/\/habital.it\/index.php?rest_route=%2Fwp%2Fv2%2Fproduct_brand&post=2282"},{"taxonomy":"product_cat","embeddable":true,"href":"https:\/\/habital.it\/index.php?rest_route=%2Fwp%2Fv2%2Fproduct_cat&post=2282"},{"taxonomy":"product_tag","embeddable":true,"href":"https:\/\/habital.it\/index.php?rest_route=%2Fwp%2Fv2%2Fproduct_tag&post=2282"},{"taxonomy":"product_brands","embeddable":true,"href":"https:\/\/habital.it\/index.php?rest_route=%2Fwp%2Fv2%2Fproduct_brands&post=2282"}],"curies":[{"name":"wp","href":"https:\/\/api.w.org\/{rel}","templated":true}]}}